{"id":17,"date":"2016-02-12T08:09:36","date_gmt":"2016-02-12T08:09:36","guid":{"rendered":"http:\/\/demos.famethemes.com\/onepress\/?page_id=17"},"modified":"2022-01-21T01:03:28","modified_gmt":"2022-01-21T00:03:28","slug":"our-history","status":"publish","type":"page","link":"https:\/\/wohntraum-und-meer.de\/?page_id=17","title":{"rendered":"K\u00fchlungsborn"},"content":{"rendered":"<h5>&#8230;das mond\u00e4ne Ostseebad<\/h5>\n<p>Als gr\u00f6\u00dfter Bade- und Erholungsort Mecklenburgs liegt K\u00fchlungsborn ungef\u00e4hr 25 km westlich von der Hansestadt Rostock entfernt. Die Lage direkt an der mecklenburgischen Ostseek\u00fcste macht K\u00fchlungsborn zu einem idealen Urlaubsort f\u00fcr alle Meeres-Begeisterten.<\/p>\n<p>Deutschlands l\u00e4ngste Promenade l\u00e4dt Sie zu einem Bummel vom Stadthafen bis hin zum Baltic-Platz mit seinem nostalgischen Charme ein. Unterwegs werden Ihnen zahlreiche gem\u00fctliche Caf\u00e9s, Restaurants, Boutiquen und kleine Gesch\u00e4fte begegnen.<\/p>\n<hr \/>\n<h5>Die vorpommersche K\u00fcstenlandschaft<\/h5>\n<p>Inmitten einer traumhaften Landschaft liegt K\u00fchlungsborn direkt an der Ostsee. Meer und W\u00e4lder laden zum Entspannen und Verweilen ein. In dieser unversehrten Kulturlandschaft sind noch Kormorane, St\u00f6rche und Seeadler anzutreffen<\/p>\n<hr \/>\n<h5>Aktivit\u00e4ten und Sehenswertes<\/h5>\n<p>Der Europ\u00e4ische Radwanderweg E9 ist ein Paradies f\u00fcr Radwanderer. Golfliebhaber k\u00f6nnen sich \u00fcber den Golfplatz Wittenbeck mit 27 L\u00f6chern und einem 18-Loch Meisterschaftskurs freuen.<\/p>\n<p>Vor Ort bieten sich weitere vielf\u00e4ltige Aktivit\u00e4ten wie Surfen, Segeln, Tauchen, Klettern, Reiten, Tennis, Bowlen, Minigolf und vieles mehr &#8230;<\/p>\n<p>Sehenswert sind zudem die Hafenmeile und der Yachthafen, welcher Platz f\u00fcr ca. 400 Boote bietet. Die Dampfschmalspurbahn &#8222;Molli&#8220; verkehrt zwischen K\u00fchlungsborn \u00fcber Heiligendamm nach Bad Doberan.<\/p>\n<p>Unweit von K\u00fchlungsborn finden Sie die Ostseeb\u00e4der Heiligendamm und Warnem\u00fcnde, den Fischerort Rerik, die Barlachstadt G\u00fcstrow, das Weltkulturerbe Wismar sowie die Hansestadt Rostock.<\/p>\n","protected":false},"excerpt":{"rendered":"<p>Nullam ut tempor eros. Donec faucibus, velit et imperdiet aliquam, lacus velit luctus urna, vitae porttitor orci libero id felis.<\/p>\n","protected":false},"author":2,"featured_media":18,"parent":0,"menu_order":0,"comment_status":"closed","ping_status":"closed","template":"","meta":[],"_links":{"self":[{"href":"https:\/\/wohntraum-und-meer.de\/index.php?rest_route=\/wp\/v2\/pages\/17"}],"collection":[{"href":"https:\/\/wohntraum-und-meer.de\/index.php?rest_route=\/wp\/v2\/pages"}],"about":[{"href":"https:\/\/wohntraum-und-meer.de\/index.php?rest_route=\/wp\/v2\/types\/page"}],"author":[{"embeddable":true,"href":"https:\/\/wohntraum-und-meer.de\/index.php?rest_route=\/wp\/v2\/users\/2"}],"replies":[{"embeddable":true,"href":"https:\/\/wohntraum-und-meer.de\/index.php?rest_route=%2Fwp%2Fv2%2Fcomments&post=17"}],"version-history":[{"count":5,"href":"https:\/\/wohntraum-und-meer.de\/index.php?rest_route=\/wp\/v2\/pages\/17\/revisions"}],"predecessor-version":[{"id":1555,"href":"https:\/\/wohntraum-und-meer.de\/index.php?rest_route=\/wp\/v2\/pages\/17\/revisions\/1555"}],"wp:featuredmedia":[{"embeddable":true,"href":"https:\/\/wohntraum-und-meer.de\/index.php?rest_route=\/wp\/v2\/media\/18"}],"wp:attachment":[{"href":"https:\/\/wohntraum-und-meer.de\/index.php?rest_route=%2Fwp%2Fv2%2Fmedia&parent=17"}],"curies":[{"name":"wp","href":"https:\/\/api.w.org\/{rel}","templated":true}]}}