{"id":21,"date":"2016-02-12T08:10:47","date_gmt":"2016-02-12T08:10:47","guid":{"rendered":"http:\/\/demos.famethemes.com\/onepress\/?page_id=21"},"modified":"2022-01-21T00:55:52","modified_gmt":"2022-01-20T23:55:52","slug":"our-achievements","status":"publish","type":"page","link":"https:\/\/wohntraum-und-meer.de\/?page_id=21","title":{"rendered":"Anfahrt"},"content":{"rendered":"<h5><b>Stra\u00dfe<\/b><\/h5>\n<p>K\u00fchlungsborn liegt 20 km von der A20 entfernt (Abfahrt Kr\u00f6pelin) und ist \u00fcber drei Landstra\u00dfen an die B105 angebunden, die in ann\u00e4hernder Ost &#8211; West &#8211; Richtung die Ostseest\u00e4dte Stralsund, Rostock, Wismar und L\u00fcbeck verbindet.<\/p>\n<hr \/>\n<h5>Schiene<\/h5>\n<p>Eine direkte Anbindung an das Streckennetz der Deutschen Bahn besteht nicht. Der n\u00e4chste Bahnhof der Deutschen Bahn befindet sich in ca. 14 km Entfernung in Bad Doberan, von wo aus im Stundentakt Z\u00fcge in Richtung Rostock und Wismar verkehren. Von Bad Doberan aus ist K\u00fchlungsborn \u00fcber Heiligendamm mit der historischen Dampfschmalspurbahn &#8222;Molli&#8220; zu erreichen. Tr\u00e4ger des Betriebes ist die Mecklenburgische B\u00e4derbahn &#8222;Molli&#8220; GmbH &amp; Co. Die Z\u00fcge verkehren ann\u00e4hernd im Zwei &#8211; Stunden &#8211; Takt. In K\u00fchlungsborn befinden sich drei Molli &#8211; Haltestellen: der Bahnhof Ost, Mitte und West.<\/p>\n<hr \/>\n<h5>Flug<\/h5>\n<p>Der n\u00e4chstgelegene Flugplatz mit Linienverkehr ist Rostock Laage. Von Montag bis Freitag bestehen Verbindungen nach Hamburg, Dortmund, Hannover und K\u00f6ln\/Bonn. Samstags wird auch Z\u00fcrich angeflogen. Ein Zubringerdienst nach K\u00fchlungsborn wird von ortsans\u00e4\u00e4ssigen Reiseb\u00fcros angeboten. In etwa 10 km Entfernung befindet sich der Sportflugplatz Zweedorf, der von Privatfliegern genutzt werden kann.<\/p>\n","protected":false},"excerpt":{"rendered":"<p>Nullam ut tempor eros. Donec faucibus, velit et imperdiet aliquam, lacus velit luctus urna, vitae porttitor orci libero id felis.<\/p>\n","protected":false},"author":2,"featured_media":19,"parent":0,"menu_order":0,"comment_status":"closed","ping_status":"closed","template":"","meta":[],"_links":{"self":[{"href":"https:\/\/wohntraum-und-meer.de\/index.php?rest_route=\/wp\/v2\/pages\/21"}],"collection":[{"href":"https:\/\/wohntraum-und-meer.de\/index.php?rest_route=\/wp\/v2\/pages"}],"about":[{"href":"https:\/\/wohntraum-und-meer.de\/index.php?rest_route=\/wp\/v2\/types\/page"}],"author":[{"embeddable":true,"href":"https:\/\/wohntraum-und-meer.de\/index.php?rest_route=\/wp\/v2\/users\/2"}],"replies":[{"embeddable":true,"href":"https:\/\/wohntraum-und-meer.de\/index.php?rest_route=%2Fwp%2Fv2%2Fcomments&post=21"}],"version-history":[{"count":2,"href":"https:\/\/wohntraum-und-meer.de\/index.php?rest_route=\/wp\/v2\/pages\/21\/revisions"}],"predecessor-version":[{"id":1554,"href":"https:\/\/wohntraum-und-meer.de\/index.php?rest_route=\/wp\/v2\/pages\/21\/revisions\/1554"}],"wp:featuredmedia":[{"embeddable":true,"href":"https:\/\/wohntraum-und-meer.de\/index.php?rest_route=\/wp\/v2\/media\/19"}],"wp:attachment":[{"href":"https:\/\/wohntraum-und-meer.de\/index.php?rest_route=%2Fwp%2Fv2%2Fmedia&parent=21"}],"curies":[{"name":"wp","href":"https:\/\/api.w.org\/{rel}","templated":true}]}}